{"id":891,"date":"2021-09-19T17:53:41","date_gmt":"2021-09-19T21:53:41","guid":{"rendered":"https:\/\/neptune.ma\/?page_id=891"},"modified":"2021-09-23T18:55:21","modified_gmt":"2021-09-23T22:55:21","slug":"roi","status":"publish","type":"page","link":"https:\/\/neptune.ma\/?page_id=891","title":{"rendered":"ROI"},"content":{"rendered":"<p>[vc_row][vc_column]<div id=\"ultib3-83068726169dfb663222e3\" class=\" ultb3-box ult-adjust-bottom-margin  \" style=\"background-color: #ffffff;\"><img src=\"https:\/\/neptune.ma\/wp-content\/uploads\/2021\/09\/marc-olivier-jodoin-NqOInJ-ttqM-unsplash.jpg\" style=\"\" class=\"ultb3-img ultb3-img-center\" alt=\"null\"\/><div id=\"Info-banner-wrap6412\" class=\"ultb3-info ib3-info-center\" data-animation=\"\" data-animation-delay=\"03\"><div class=\"ultb3-title ult-responsive\"  data-ultimate-target='#Info-banner-wrap6412 .ultb3-title'  data-responsive-json-new='{\"font-size\":\"\",\"line-height\":\"\"}'  style=\"font-weight:normal;color:#ffffff;\">RETOUR SUR INVESTISSEMENT<\/div><\/div><\/div><style>\r\n\t\t\t\t\t#ultib3-83068726169dfb663222e3 {\r\n\t\t\t\t\t\tmin-height:50px;\r\n\t\t\t\t\t}\r\n\t\t\t\t\t#ultib3-83068726169dfb663222e3 img.ultb3-img {\r\n\t\t\t\t\t\theight: px;\r\n\t\t\t\t\t}\r\n\t\t\t\t\t#ultib3-83068726169dfb663222e3 .ultb3-btn {\r\n\t\t\t\t\t\tborder:2px solid #1e73be;border-radius:50px;\r\n\t\t\t\t\t}\r\n\t\t\t\t\t#ultib3-83068726169dfb663222e3 .ultb3-btn:hover {\r\n\t\t\t\t\t\tbackground:#1e73be;\r\n\t\t\t\t\t}\r\n\t\t\t\t<\/style><div class=\"dt-title-wrapper\"><h1 class=\"section-title\">laissez-nous vous montrer votre retour sur investissement (R.O.I)<\/h1><\/div><h2 class=\"section-tagline\">Depuis plus de 10 ans, des recherches ind\u00e9pendantes ont prouv\u00e9 que le suivi d'une flotte par traceur permet d'\u00e9conomiser des milliers de dirhams chaque ann\u00e9e en frais de flotte et de main-d'\u0153uvre. Parlez-nous de votre flotte et nous vous montrerons votre retour d'investissement.<\/h2>[vc_column_text]<div class=\"calculator_container\">\r\n\r\n\r\n\t      <div class=\"form-outer\">\r\n        <form action=\"#\" id=\"frmsavingcalc\" method=\"POST\">\r\n          <div class=\"page slide-page\">\r\n            <h2>Augmenter les revenus en r\u00e9duisant les co\u00fbts de main-d'\u0153uvre<\/h2>\r\n<p>Vos employ\u00e9s peuvent arriver sur le chantier avec 15 minutes de retard, prendre une pause d\u00e9jeuner prolong\u00e9e d'une heure, puis repartir 15 minutes plus t\u00f4t. <br\/><br\/> Cela ajoute jusqu'\u00e0 1 heure de temps perdu chaque jour. Cependant, leur feuille de temps indique 8 heures compl\u00e8tes de travail.<\/p>\r\n            <div class=\"field\">\r\n              <div class=\"label\">Nombre d'employ\u00e9s ?<\/div>\r\n              <input type=\"number\" id=\"employeecount\" name=\"employeecount\" value=\"10\">\r\n            <\/div>\r\n            <div class=\"field\">\r\n              <div class=\"label\">Taux horaire employ\u00e9 (en MAD) ?<\/div>\r\n              <input type=\"number\" id=\"hourlyrate\" name=\"hourlyrate\" value=\"18\" step=\"0.5\">\r\n            <\/div>\r\n            <div class=\"field\">\r\n              <div class=\"label\">Tarif de sortie (en MAD) ?<\/div>\r\n              <input type=\"number\" id=\"chargeoutrate\" name=\"chargeoutrate\" value=\"40\" step=\"0.5\">\r\n            <\/div>\r\n            <div class=\"field\">\r\n              <div class=\"label\">Minutes perdues quotidiennement par employ\u00e9 ?<\/div>\r\n              <input type=\"number\" id=\"losttime\" name=\"losttime\" value=\"60\" >\r\n            <\/div>\r\n            <div class=\"field\">\r\n              <button class=\"firstNext next\">Suivant<\/button>\r\n            <\/div>\r\n          <\/div>\r\n\r\n          <div class=\"page page2\">\r\n            <h2>R\u00e9duction des co\u00fbts de carburant de votre flotte<\/h2>\r\n<p>L'installation de notre solution Neptune r\u00e9duit le kilom\u00e9trage et la consommation de carburant.<br\/><br\/> Les co\u00fbts de votre flotte tels que les changements de carburant, d'huile et de liquide, les pneus et l'entretien seront r\u00e9duits en raison de la r\u00e9duction de l'utilisation des v\u00e9hicules non li\u00e9s au travail, de la marche au ralenti inutile et de la conduite inappropri\u00e9. <\/p>\r\n            <div class=\"field\">\r\n              <div class=\"label\">Combien de v\u00e9hicules dans votre flotte ?<\/div>\r\n              <input type=\"number\" id=\"vehiclecount\" name=\"vehiclecount\" value=\"10\">\r\n            <\/div>\r\n            <div class=\"field\">\r\n              <div class=\"label\">Quel est le nombre moyen de kilom\u00e8tres parcourus par votre flotte par jour\u00a0?<\/div>\r\n              <input type=\"number\" id=\"averagekmdaily\" name=\"averagekmdaily\" value=\"250\" >\r\n            <\/div>\r\n            <div class=\"field\">\r\n              <div class=\"label\">Quel est le co\u00fbt moyen du carburant par litre (en MAD) ?<\/div>\r\n              <input type=\"number\" id=\"fuelcost\" name=\"fuelcost\" value=\"8\" step=\"0.1\">\r\n            <\/div>\r\n            <div class=\"field\">\r\n              <div class=\"label\">Quelle est la consommation moyenne de votre v\u00e9hicule (L\/100km) ?<\/div>\r\n              <input type=\"number\" id=\"fueleconomy\" name=\"fueleconomy\" value=\"7\" >\r\n            <\/div>\r\n             <div class=\"field btns\">\r\n              <button class=\"prev-1 prev\">Pr\u00e9c\u00e9dent<\/button>\r\n              <button class=\"next-1 next\">Suivant<\/button>\r\n            <\/div>\r\n          <\/div>\r\n\r\n\r\n\r\n        <div class=\"page page3\">\r\n\t  <h2>R\u00e9duisez les co\u00fbts associ\u00e9s \u00e0 l'exploitation de votre flotte<\/h2>\r\n<p>Gagnez du temps en planifiant et en programmant l'entretien de votre v\u00e9hicule, r\u00e9duisez les primes d'assurance et les accidents de v\u00e9hicules en surveillant la conduite de vos employ\u00e9s.<\/p>\r\n           <div class=\"field\">\r\n              <div class=\"label\">Quelle est l'intervalle d'entretien moyen de votre flotte en KM ?<\/div>\r\n              <input type=\"number\" id=\"serviceinterval\" name=\"serviceinterval\" value=\"5000\">\r\n            <\/div>\r\n            <div class=\"field\">\r\n              <div class=\"label\">Quelle est le co\u00fbt moyen du service incluant les pi\u00e8ces et la main-d'\u0153uvre (en MAD) ?<\/div>\r\n              <input type=\"number\" id=\"servicecost\" name=\"servicecost\" value=\"450\">\r\n            <\/div>\r\n            <div class=\"field\">\r\n              <div class=\"label\">Quelle est le co\u00fbt moyen de r\u00e9paration d'un v\u00e9hicule (en MAD) ?<\/div>\r\n              <input type=\"number\" id=\"repaircost\" name=\"repaircost\" value=\"1200\">\r\n            <\/div>\r\n            <div class=\"field btns\">\r\n              <button class=\"prev-2 prev\">Pr\u00e9c\u00e9dent<\/button>\r\n              <button class=\"next-2 next\">Suivant<\/button>\r\n            <\/div>\r\n          <\/div>\r\n\r\n        <div class=\"page page4\">\r\n          <h2>Calcul de votre retour sur investissement (R.O.I) avec la solution Neptune<\/h2>\r\n<p>En utilisant les calculs ci-dessous, la solution Neptune fournira un retour sur investissement instantan\u00e9 et sera rapidement amorti.<\/p>\r\n<p>Contactez-nous d\u00e8s aujourd'hui pour une consultation sans engagement.<\/p>\r\n            <div class=\"field\">\r\n              <div class=\"label\">Le montant du co\u00fbt de la main-d'\u0153uvre r\u00e9duit :<\/div>\r\n              <input type=\"number\" id=\"reducedlabourcost\" name=\"reducedlabourcost\" value=\"7000.00\" readonly>\r\n            <\/div>\r\n            <div class=\"field\">\r\n              <div class=\"label\">Le montant en (MAD) des revenus accru :<\/div>\r\n              <input type=\"number\" id=\"increasedrevenue\" name=\"increasedrevenue\" value=\"15000.00\" readonly>\r\n            <\/div>\r\n            <div class=\"field\">\r\n              <div class=\"label\">Le montant des \u00e9conomies du carburant :<\/div>\r\n              <input type=\"number\" id=\"fuelsavings\" name=\"fuelsavings\" value=\"3360\" readonly>\r\n            <\/div>\r\n            <div class=\"field\">\r\n              <div class=\"label\">5 % de r\u00e9duction des co\u00fbts de service en raison de l'usure et de la dur\u00e9e de vie des pi\u00e8ces :<\/div>\r\n              <input type=\"number\" id=\"servicereduction\" name=\"servicereduction\" value=\"120.00\" readonly>\r\n            <\/div>\r\n            <div class=\"field\">\r\n              <div class=\"label\">20 % de r\u00e9duction du montant en (MAD) des accidents :<\/div>\r\n              <input type=\"number\" id=\"accidentreduction\" name=\"accidentreduction\" value=\"58.33\" readonly>\r\n            <\/div>\r\n            <div class=\"field\">\r\n              <div class=\"label\">L'\u00e9conomies totales en (MAD) par mois :<\/div>\r\n              <input type=\"number\" id=\"totalsavings\" name=\"totalsavings\" value=\"27725.83\" readonly>\r\n            <\/div>\r\n            <div class=\"field\" style=\"margin-top:50px\">\r\n              <div class=\"label\">Envoyez ce rapport par courriel \u00e0 quelqu'un ou \u00e0 vous m\u00eame<\/div>\r\n              <input type=\"email\" id=\"emailreport\" name=\"emailreport\" required >\r\n            <\/div>\r\n             <div class=\"field err\" style=\"display:none\"><\/div>\r\n              <div class=\"field btns\">\r\n                <button class=\"prev-3 prev\">Pr\u00e9c\u00e9dent<\/button>\r\n                <button class=\"submit\">Soumettre<\/button>\r\n              <\/div>\r\n             <\/div>\r\n        <\/form>\r\n      <\/div>\r\n    <\/div>[\/vc_column_text][\/vc_column][\/vc_row]<\/p>\n","protected":false},"excerpt":{"rendered":"<p>[vc_row][vc_column][vc_column_text][\/vc_column_text][\/vc_column][\/vc_row]<\/p>\n","protected":false},"author":1,"featured_media":0,"parent":0,"menu_order":0,"comment_status":"closed","ping_status":"closed","template":"template-homepage.php","meta":[],"_links":{"self":[{"href":"https:\/\/neptune.ma\/index.php?rest_route=\/wp\/v2\/pages\/891"}],"collection":[{"href":"https:\/\/neptune.ma\/index.php?rest_route=\/wp\/v2\/pages"}],"about":[{"href":"https:\/\/neptune.ma\/index.php?rest_route=\/wp\/v2\/types\/page"}],"author":[{"embeddable":true,"href":"https:\/\/neptune.ma\/index.php?rest_route=\/wp\/v2\/users\/1"}],"replies":[{"embeddable":true,"href":"https:\/\/neptune.ma\/index.php?rest_route=%2Fwp%2Fv2%2Fcomments&post=891"}],"version-history":[{"count":16,"href":"https:\/\/neptune.ma\/index.php?rest_route=\/wp\/v2\/pages\/891\/revisions"}],"predecessor-version":[{"id":1073,"href":"https:\/\/neptune.ma\/index.php?rest_route=\/wp\/v2\/pages\/891\/revisions\/1073"}],"wp:attachment":[{"href":"https:\/\/neptune.ma\/index.php?rest_route=%2Fwp%2Fv2%2Fmedia&parent=891"}],"curies":[{"name":"wp","href":"https:\/\/api.w.org\/{rel}","templated":true}]}}