{"id":82,"date":"2014-03-06T13:59:56","date_gmt":"2014-03-06T13:59:56","guid":{"rendered":"http:\/\/demo.deliciousthemes.com\/patti\/?page_id=82"},"modified":"2021-09-21T16:27:55","modified_gmt":"2021-09-21T20:27:55","slug":"homepage","status":"publish","type":"page","link":"https:\/\/neptune.ma\/","title":{"rendered":"Homepage"},"content":{"rendered":"<p>[vc_row dt_no_mb= &raquo;no-margin &raquo; bg_color= &raquo;#ffffff &raquo;][vc_column][rev_slider_vc alias= &raquo;fullscreen-image-slider &raquo;][\/vc_column][\/vc_row][vc_row dt_no_mb= &raquo;no-margin &raquo; bg_color= &raquo;#fafafa &raquo; dt_padding_top= &raquo;100&Prime; dt_padding_bottom= &raquo;100&Prime; dt_id= &raquo;about &raquo;][vc_column][vc_row_inner][vc_column_inner]<div class=\"dt-title-wrapper\"><h1 class=\"section-title\">Joigniez-vous \u00e0 une nouvelle fa\u00e7on de faire des affaires<\/h1><\/div><h2 class=\"section-tagline\">L'IOT (Internet of Things) est omnipr\u00e9sent et sera bient\u00f4t essentiel, reliant les mondes physiques et num\u00e9riques pour transformer la fa\u00e7on dont les Canadiens vivent et font affaire. Mais pas besoin pour cela d\u2019\u00eatre compliqu\u00e9. Neptune propose l\u2019assistance d\u2019experts ainsi que la meilleure s\u00e9lection de plates-formes et d\u2019\u00e9quipement IOT. <\/h2><div style=\"clear:both; width:100%; height:60px\"><\/div>[\/vc_column_inner][\/vc_row_inner][vc_row_inner][vc_column_inner width= &raquo;1\/3&Prime; css_animation= &raquo;bottom-to-top &raquo;][vc_column_text]<\/p>\n<h2><strong>NOUS NOUS SOUCIONS.<\/strong><\/h2>\n<p class=\"lead\"><strong>Neptune.<\/strong> est une fili\u00e8re Canadiene de la soci\u00e9t\u00e9 de technologie de l&rsquo;information (SOCCINC) fond\u00e9e par un groupe de professionnels exp\u00e9riment\u00e9s (Ph.D) qui ont plus de 20 ans d&rsquo;exp\u00e9rience dans les services informatiques visant \u00e0 fournir des solutions informatiques de haute qualit\u00e9, une large gamme de produits et services aux utilisateurs finaux.<\/p>\n<p>[\/vc_column_text][\/vc_column_inner][vc_column_inner width= &raquo;1\/3&Prime; css_animation= &raquo;bottom-to-top &raquo;][vc_column_text]<\/p>\n<h2><strong>NOUS LIVRONS.<\/strong><\/h2>\n<p class=\"lead\">Obtenez des donn\u00e9es en temps r\u00e9el sur vos activit\u00e9s pour prendre de meilleures d\u00e9cisions, rationaliser les processus et commercialiser plus rapidement. Explorez chaque n\u0153ud pour d\u00e9couvrir comment la solution <strong>Neptune<\/strong> propulse votre entreprise.<\/p>\n<p>[\/vc_column_text][\/vc_column_inner][vc_column_inner width= &raquo;1\/3&Prime; css_animation= &raquo;bottom-to-top &raquo;][vc_column_text]<\/p>\n<h2><strong>NOUS SOMMES CR\u00c9ATIFS.<\/strong><\/h2>\n<p class=\"lead\">Notre \u00e9quipe comptant plusieurs sp\u00e9cialistes form\u00e9s et certifi\u00e9s selon vos attentes et vos besoins sp\u00e9cifiques. Nous nous consacrons \u00e0 vous fournir des services et des solutions adapt\u00e9s \u00e0 votre r\u00e9alit\u00e9 d\u2019affaires.<\/p>\n<p>[\/vc_column_text][\/vc_column_inner][\/vc_row_inner][vc_row_inner][vc_column_inner][vc_separator][\/vc_column_inner][\/vc_row_inner][vc_row_inner][vc_column_inner width= &raquo;2\/3&Prime; css_animation= &raquo;bottom-to-top &raquo;][vc_column_text]<\/p>\n<h2><strong>\u00c0 PROPOS DE NOUS<\/strong><\/h2>\n<p class=\"lead\">Assurer la performance d\u2019un parc de v\u00e9hicules exige beaucoup plus que simplement aller du point A au point B. \u00c0 l\u2019aide de la solution <strong>Neptune<\/strong>, dotez vos v\u00e9hicules de technologies innovantes pour rehausser l\u2019efficacit\u00e9 de vos v\u00e9hicules. Nos technologies de localisation par <strong>AVL<\/strong> et <strong>GPS<\/strong>, de diagnostic et de t\u00e9l\u00e9matique de pointe permettent d\u2019optimiser vos op\u00e9rations, d\u2019accro\u00eetre la s\u00e9curit\u00e9 de votre flotte, de r\u00e9duire vos co\u00fbts et plus encore. <strong>Neptune<\/strong> offre du soutien de <strong>bout en bout<\/strong> pour les solutions de gestion de parc de v\u00e9hicules. Nous vous guidons vers la meilleure solution pour r\u00e9pondre \u00e0 vos besoins particuliers, vous fournir une installation professionnelle, coordonner les projets et offrir un soutien continu \u00e0 mesure que vos besoins \u00e9voluent.<\/p>\n<p>G\u00e9rez efficacement l\u2019\u00e9quipement lourd, la machinerie, le parc de v\u00e9hicules et autres biens sans trop investir en capital ou en main-d\u2019\u0153uvre gr\u00e2ce \u00e0 la solution <strong>Neptune<\/strong>. Nous offrons les meilleurs outils sur le march\u00e9 pour surveiller avec pr\u00e9cision vos pr\u00e9cieux actifs et vos stocks pour vous aider \u00e0 ma\u00eetriser les co\u00fbts, r\u00e9duire les pertes et augmenter la productivit\u00e9.<\/p>\n<p>L\u2019arriv\u00e9e sur le march\u00e9 d\u2019appareils et de services connect\u00e9s pousse les entreprises \u00e0 se tourner vers cette nouvelle opportunit\u00e9 pour obtenir un avantage concurrentiel et de nouvelles sources de revenus, et d\u00e9passer les attentes de plus en plus grandes des clients. Voil\u00e0 pourquoi, plus que jamais, il est essentiel de lancer plus rapidement sur le march\u00e9 des produits et services connect\u00e9s de haute qualit\u00e9.[\/vc_column_text][\/vc_column_inner][vc_column_inner width= &raquo;1\/3&Prime;]<div style=\"clear:both; width:100%; height:20px\"><\/div><div class=\"skillbar clearfix \" data-percent=\"95%\"><div class=\"skillbar-title\"><span>GESTION EN TEMPS R\u00c9EL<\/span><\/div><div class=\"skillbar-bar\"><\/div><div class=\"skill-bar-percent\">95%<\/div><\/div><div class=\"skillbar clearfix \" data-percent=\"90%\"><div class=\"skillbar-title\"><span>S\u00dbRET\u00c9 RENFORC\u00c9E<\/span><\/div><div class=\"skillbar-bar\"><\/div><div class=\"skill-bar-percent\">90%<\/div><\/div><div class=\"skillbar clearfix \" data-percent=\"92%\"><div class=\"skillbar-title\"><span>ACTIVIT\u00c9S OPTIMIS\u00c9ES<\/span><\/div><div class=\"skillbar-bar\"><\/div><div class=\"skill-bar-percent\">92%<\/div><\/div><div class=\"skillbar clearfix \" data-percent=\"94%\"><div class=\"skillbar-title\"><span>SURVEILLANCE DE R\u00c9SERVOIRS<\/span><\/div><div class=\"skillbar-bar\"><\/div><div class=\"skill-bar-percent\">94%<\/div><\/div><div class=\"skillbar clearfix \" data-percent=\"98%\"><div class=\"skillbar-title\"><span>SURVEILLANCE DE LA CHA\u00ceNE DU FROID<\/span><\/div><div class=\"skillbar-bar\"><\/div><div class=\"skill-bar-percent\">98%<\/div><\/div><div class=\"skillbar clearfix \" data-percent=\"99%\"><div class=\"skillbar-title\"><span>JOURNALISATION (365)<\/span><\/div><div class=\"skillbar-bar\"><\/div><div class=\"skill-bar-percent\">99%<\/div><\/div><div class=\"skillbar clearfix \" data-percent=\"97%\"><div class=\"skillbar-title\"><span>SUIVI DES ACTIFS<\/span><\/div><div class=\"skillbar-bar\"><\/div><div class=\"skill-bar-percent\">97%<\/div><\/div>[\/vc_column_inner][\/vc_row_inner][\/vc_column][\/vc_row][vc_row dt_no_mb= &raquo;no-margin &raquo; bg_color= &raquo;#ffffff &raquo; dt_padding_top= &raquo;100&Prime; dt_padding_bottom= &raquo;100&Prime;][vc_column][vc_row_inner][vc_column_inner]<div class=\"dt-title-wrapper\"><h1 class=\"section-title\">NOTRE \u00c9QUIPE<\/h1><\/div><h2 class=\"section-tagline\">L'\u00e9quipe est compos\u00e9e d'experts ayant l'expertise collective pour r\u00e9pondre \u00e0 la t\u00e2che sp\u00e9cifique qui lui est d\u00e9finie.<\/h2>[\/vc_column_inner][\/vc_row_inner]<div style=\"clear:both; width:100%; height:60px\"><\/div>[vc_row_inner][vc_column_inner width= &raquo;1\/3&Prime; css_animation= &raquo;bottom-to-top &raquo;][vc_column_text]<div class=\"team-member\"><a href=\"https:\/\/neptune.ma\/#contact\"><span class=\"item-on-hover\"><span class=\"hover-image\"><i class=\"fa fa-external-link\"><\/i><\/span><\/span><img alt=\"INFRASTRUCTURE\" class=\"lazy grayscale\" data-original=\"https:\/\/neptune.ma\/wp-content\/uploads\/2021\/09\/neptune-infra.jpg\" width=\"300\"  height=\"184\" \/><\/a><div class=\"team-text\"><h3><span>INFRASTRUCTURE<\/span><\/h3><p>Nos services de gestion d'infrastructure assureront les performances optimales et stable pour assurer le bon fonctionnement de nos solutions. Pour y parvenir, il est essentiel que toutes les personnes impliqu\u00e9es comprennent clairement les processus et les mesures proactives et r\u00e9actives qui doivent \u00eatre mises en place. C'est pourquoi, notre filiere Canadiene (SOCCINC) assura la stabilit\u00e9 et la haute disponibilit\u00e9 de nos services.<\/p><\/div><div class=\"team-social\"><\/div><\/div>[\/vc_column_text][\/vc_column_inner][vc_column_inner width= &raquo;1\/3&Prime; css_animation= &raquo;bottom-to-top &raquo;][vc_column_text]<div class=\"team-member\"><a href=\"https:\/\/neptune.ma\/#contact\"><span class=\"item-on-hover\"><span class=\"hover-image\"><i class=\"fa fa-external-link\"><\/i><\/span><\/span><img alt=\"S\u00c9CURIT\u00c9\" class=\"lazy grayscale\" data-original=\"https:\/\/neptune.ma\/wp-content\/uploads\/2021\/09\/neptune-sec.jpg\" width=\"300\"  height=\"224\" \/><\/a><div class=\"team-text\"><h3><span>S\u00c9CURIT\u00c9<\/span><\/h3><p>La s\u00e9curit\u00e9 informatique peut signifier beaucoup de choses diff\u00e9rentes, selon qui h\u00e9berge votre infrastructure. La s\u00e9curit\u00e9 pourrait signifier que vos services sont juste assis dans un b\u00e2timent en b\u00e9ton avec un acc\u00e8s limit\u00e9. Ou, cela peut signifier que vos services sont derri\u00e8re un pare-feu qui ne respecte pas les normes de la s\u00e9curit\u00e9. Vous pensez que votre service est s\u00e9curitaire et vous r\u00e9alisez le contraire lorsque les risques sont d\u00e9j\u00e0 exploit\u00e9s. C'est pour cette raison, notre fili\u00e8re Canadiene (SOCCINC) assura la protection de l'int\u00e9grit\u00e9 de vos donn\u00e9es et la protection contre les interruptions des services.\r\n<\/p><\/div><div class=\"team-social\"><\/div><\/div>[\/vc_column_text][\/vc_column_inner][vc_column_inner width= &raquo;1\/3&Prime; css_animation= &raquo;bottom-to-top &raquo;][vc_column_text]<div class=\"team-member\"><a href=\"https:\/\/neptune.ma\/#contact\"><span class=\"item-on-hover\"><span class=\"hover-image\"><i class=\"fa fa-external-link\"><\/i><\/span><\/span><img alt=\"PARTENARIAT\" class=\"lazy grayscale\" data-original=\"https:\/\/neptune.ma\/wp-content\/uploads\/2021\/09\/neptune-devops.jpg\" width=\"300\"  height=\"233\" \/><\/a><div class=\"team-text\"><h3><span>PARTENARIAT<\/span><\/h3><p>Notre \u00e9quipe d'experts vous aide \u00e0 concr\u00e9tiser vos id\u00e9es gr\u00e2ce \u00e0 une vari\u00e9t\u00e9 de services et de produits adapt\u00e9s \u00e0 vos besoins sp\u00e9cifiques en d\u00e9veloppement. Nous sommes l\u00e0 pour vous aider \u00e0 chaque \u00e9tape - des prototypes au lancement du service - afin de nous assurer que votre nouvelle solution est con\u00e7ue pour r\u00e9ussir. D\u00e9couvrez ci-dessous comment Neptune peut vous aider \u00e0 commercialiser plus rapidement vos appareils et services connect\u00e9s.<\/p><\/div><div class=\"team-social\"><\/div><\/div>[\/vc_column_text][\/vc_column_inner][\/vc_row_inner][\/vc_column][\/vc_row][vc_row dt_text_scheme= &raquo;darker-overlay &raquo; dt_no_mb= &raquo;no-margin &raquo; bg_type= &raquo;image &raquo; parallax_style= &raquo;vcpb-default &raquo; bg_image_new= &raquo;id^906|url^https:\/\/neptune.ma\/wp-content\/uploads\/2021\/09\/marc-olivier-jodoin-NqOInJ-ttqM-unsplash.jpg|caption^null|alt^null|title^marc-olivier-jodoin-NqOInJ-ttqM-unsplash|description^null &raquo; bg_image= &raquo;94&Prime; bg_color= &raquo;#000000&Prime; dt_color_opacity= &raquo;70&Prime; dt_padding_top= &raquo;100&Prime; dt_padding_bottom= &raquo;100&Prime;][vc_column][vc_row_inner][vc_column_inner]<h2 class=\"parallax-quote\">\"Notre partenaire Teltonika propose une large gamme de produits de suivi d\u00e9di\u00e9s a notre solution professionnelles. Nous am\u00e9liorons constamment nos services et produits existants et en lan\u00e7ons de nouveaux pour r\u00e9pondre aux attentes de nos clients. Si vous ne trouvez pas un produit pouvant r\u00e9pondre \u00e0 vos besoins, veuillez nous contacter car nous pourrions avoir une solution disponible pour vous.\"<\/h2><span class=\"quote-author\">DISTRIBUTEUR D'\u00c9QUIPEMENT DE SUIVI<\/span>[\/vc_column_inner][\/vc_row_inner][\/vc_column][\/vc_row][vc_row dt_no_mb= &raquo;no-margin &raquo; bg_color= &raquo;#ffffff &raquo; dt_padding_top= &raquo;100&Prime; dt_padding_bottom= &raquo;100&Prime; dt_id= &raquo;services &raquo;][vc_column][vc_row_inner][vc_column_inner]<div class=\"dt-title-wrapper\"><h1 class=\"section-title\">nos services<\/h1><\/div><h2 class=\"section-tagline\">Avec des budgets plus serr\u00e9s et moins de marge d\u2019erreur, les entreprises ont besoin d\u2019expertise et de soutien pour entamer leur transformation num\u00e9rique. Nos services professionnels peuvent aider votre entreprise \u00e0 mettre en \u0153uvre des solutions IOT, GPS, AVL, ASSET et bien d'autres afin que vous puissiez profiter de ses avantages plus rapidement. Renforcez votre \u00e9quipe sans n\u00e9cessiter d\u2019effectifs et de ressources suppl\u00e9mentaires, att\u00e9nuez les risques li\u00e9s au d\u00e9ploiement de nouvelles technologies et tirez parti de l\u2019expertise d\u2019une \u00e9quipe de professionnels exp\u00e9riment\u00e9s.<\/h2><div style=\"clear:both; width:100%; height:60px\"><\/div><div class=\"homepage-services\"><div class=\"dt-service-wrapper ser-32\"><div class=\"dt-service-item\"><i class=\"fa fa-tachometer\"><\/i><h3 class=\"service-title\">T\u00e9l\u00e9matique<\/h3><\/div><div class=\"dt-service-hover\"><i class=\"fa fa-tachometer\"><\/i><h3>T\u00e9l\u00e9matique<\/h3><p>Dotez vos parcs de v\u00e9hicules de solutions qui enregistrent en temps r\u00e9el des informations sur l\u2019emplacement des v\u00e9hicules, les diagnostics et les \u00e9v\u00e9nements critiques.<\/p><\/div><\/div><div class=\"dt-service-wrapper ser-31\"><div class=\"dt-service-item\"><i class=\"fa fa-flag\"><\/i><h3 class=\"service-title\">Localisation par GPS<\/h3><\/div><div class=\"dt-service-hover\"><i class=\"fa fa-flag\"><\/i><h3>Localisation par GPS<\/h3><p>Am\u00e9liorez la s\u00e9curit\u00e9 de votre flotte et de vos cargaisons avec des solutions de localisation en temps r\u00e9el. Surveillez l\u2019\u00e9tat de vos v\u00e9hicules et de vos biens en tout temps.<\/p><\/div><\/div><div class=\"dt-service-wrapper ser-30\"><div class=\"dt-service-item\"><i class=\"fa fa-file-pdf-o\"><\/i><h3 class=\"service-title\">Rapports<\/h3><\/div><div class=\"dt-service-hover\"><i class=\"fa fa-file-pdf-o\"><\/i><h3>Rapports<\/h3><p>Restez conformes aux mandats de votre pays. Neptune recueille automatiquement les donn\u00e9es et g\u00e9n\u00e8re des rapports sur l\u2019emplacement des v\u00e9hicules, la vitesse et le temps de roulement du moteur.<\/p><\/div><\/div><\/div><div style=\"clear:both; width:100%; height:60px\"><\/div><div class=\"homepage-services\"><div class=\"dt-service-wrapper ser-844\"><div class=\"dt-service-item\"><i class=\"fa fa-codepen\"><\/i><h3 class=\"service-title\">Applications sp\u00e9cialis\u00e9es<\/h3><\/div><div class=\"dt-service-hover\"><i class=\"fa fa-codepen\"><\/i><h3>Applications sp\u00e9cialis\u00e9es<\/h3><p>Respectez les exigences de conformit\u00e9 et augmentez la productivit\u00e9 gr\u00e2ce \u00e0 des applications uniques qui am\u00e9liorent la gestion des mat\u00e9riaux, des \u00e9quipements et des employ\u00e9s.\r\n\r\n<\/p><\/div><\/div><div class=\"dt-service-wrapper ser-29\"><div class=\"dt-service-item\"><i class=\"fa fa-map\"><\/i><h3 class=\"service-title\">Cartographie et r\u00e9partition<\/h3><\/div><div class=\"dt-service-hover\"><i class=\"fa fa-map\"><\/i><h3>Cartographie et r\u00e9partition<\/h3><p>Permettez \u00e0 vos r\u00e9partiteurs d\u2019affecter instantan\u00e9ment de nouvelles t\u00e2ches aux chauffeurs disponibles, de recevoir des itin\u00e9raires d\u00e9taill\u00e9s et d\u2019obtenir de l\u2019information sur les t\u00e2ches termin\u00e9es.<\/p><\/div><\/div><div class=\"dt-service-wrapper ser-28\"><div class=\"dt-service-item\"><i class=\"fa fa-video-camera\"><\/i><h3 class=\"service-title\">Cam\u00e9ras de flotte<\/h3><\/div><div class=\"dt-service-hover\"><i class=\"fa fa-video-camera\"><\/i><h3>Cam\u00e9ras de flotte<\/h3><p>Favoriser une conduite plus s\u00fbre et r\u00e9duire les responsabilit\u00e9s gr\u00e2ce \u00e0 un syst\u00e8me int\u00e9gr\u00e9 de cam\u00e9ras de v\u00e9hicule tout-en-un compos\u00e9 de cam\u00e9ras int\u00e9rieures et ext\u00e9rieures, de capteurs et d'une plateforme de coaching \u00e0 distance du conducteur.<\/p><\/div><\/div><\/div><div style=\"clear:both; width:100%; height:60px\"><\/div><div class=\"homepage-services\"><div class=\"dt-service-wrapper ser-878\"><div class=\"dt-service-item\"><i class=\"fa fa-user\"><\/i><h3 class=\"service-title\">Suivi des actifs et de l\u2019\u00e9tat<\/h3><\/div><div class=\"dt-service-hover\"><i class=\"fa fa-user\"><\/i><h3>Suivi des actifs et de l\u2019\u00e9tat<\/h3><p>Localisez et g\u00e9rez vos actifs o\u00f9 qu\u2019ils soient pour en avoir une meilleure vue d\u2019ensemble, en assurer la s\u00e9curit\u00e9 et am\u00e9liorer votre efficacit\u00e9 op\u00e9rationnelle.<\/p><\/div><\/div><div class=\"dt-service-wrapper ser-877\"><div class=\"dt-service-item\"><i class=\"fa fa-asterisk\"><\/i><h3 class=\"service-title\">Surveillance de la cha\u00eene du froid<\/h3><\/div><div class=\"dt-service-hover\"><i class=\"fa fa-asterisk\"><\/i><h3>Surveillance de la cha\u00eene du froid<\/h3><p>Surveillez la temp\u00e9rature des actifs vous assurer qu\u2019ils sont entrepos\u00e9s correctement et fonctionnent dans des conditions favorables.<\/p><\/div><\/div><div class=\"dt-service-wrapper ser-876\"><div class=\"dt-service-item\"><i class=\"fa fa-road\"><\/i><h3 class=\"service-title\">Surveillance de r\u00e9servoirs<\/h3><\/div><div class=\"dt-service-hover\"><i class=\"fa fa-road\"><\/i><h3>Surveillance de r\u00e9servoirs<\/h3><p>Recueillez des donn\u00e9es sur le niveau des r\u00e9servoirs en temps r\u00e9el pour optimiser les livraisons et minimiser les appels de service inutiles.<\/p><\/div><\/div><\/div>[\/vc_column_inner][\/vc_row_inner][\/vc_column][\/vc_row][vc_row dt_text_scheme= &raquo;darker-overlay &raquo; dt_no_mb= &raquo;no-margin &raquo; bg_type= &raquo;image &raquo; parallax_style= &raquo;vcpb-default &raquo; bg_image_new= &raquo;id^906|url^https:\/\/neptune.ma\/wp-content\/uploads\/2021\/09\/marc-olivier-jodoin-NqOInJ-ttqM-unsplash.jpg|caption^null|alt^null|title^marc-olivier-jodoin-NqOInJ-ttqM-unsplash|description^null &raquo; bg_image= &raquo;94&Prime; bg_color= &raquo;#000000&Prime; dt_color_opacity= &raquo;70&Prime; dt_padding_top= &raquo;100&Prime; dt_padding_bottom= &raquo;100&Prime;][vc_column][vc_row_inner][vc_column_inner]<h2 class=\"parallax-quote\">\"La perfection est atteinte, non pas lorsqu'il n'y a plus rien \u00e0 ajouter, mais lorsqu'il n'y a plus rien \u00e0 retirer.\"<\/h2><span class=\"quote-author\">ANTOINE DE SAINT-EXUP\u00c9RY<\/span>[\/vc_column_inner][\/vc_row_inner][\/vc_column][\/vc_row][vc_row dt_no_mb= &raquo;no-margin &raquo; bg_color= &raquo;#ffffff &raquo; dt_color_opacity= &raquo;100&Prime; dt_padding_top= &raquo;100&Prime; dt_padding_bottom= &raquo;100&Prime; dt_id= &raquo;work &raquo;][vc_column][vc_row_inner][vc_column_inner css_animation= &raquo;top-to-bottom &raquo;]<div class=\"dt-title-wrapper\"><h1 class=\"section-title\">Nos Produits<\/h1><\/div>[\/vc_column_inner][\/vc_row_inner]<div style=\"clear:both; width:100%; height:60px\"><\/div><section class=\"patti-grid\" id=\"gridwrapper_aab\" data-token=\"p8vB0\"><section id=\"options\"><ul id=\"filters\" class=\"option-set clearfix\" data-option-key=\"filter\"><li class=\"all-projects\"><a href=\"#filter\" data-option-value=\"*\" class=\"selected active\">All<\/a><\/li><li><a href=\"#filter\" data-option-value=\".53\">ANDROID<\/a><\/li><li><a href=\"#filter\" data-option-value=\".52\">IOS<\/a><\/li><li><a href=\"#filter\" data-option-value=\".55\">MOBILE<\/a><\/li><li><a href=\"#filter\" data-option-value=\".51\">TELTONIKA<\/a><\/li><li><a href=\"#filter\" data-option-value=\".54\">TRACKER<\/a><\/li><\/ul><\/section><div class=\"space\"><\/div><section id=\"portfolio-wrapper\"><ul class=\"portfolio grid isotope grid_aab\"><li class=\"grid-item dt-project-1065 53 52 55 56  item-small\"><a href=\"https:\/\/neptune.ma\/?portfolio=suivi-des-actifs-et-de-letat\"><div class=\"grid-item-on-hover\"><div class=\"grid-text\"><h3>SUIVI DES ACTIFS<\/h3><\/div><div><span>ANDROID, IOS, MOBILE, WEB<\/span><\/div><\/div><img class=\"lazy\" data-original=\"https:\/\/neptune.ma\/wp-content\/uploads\/2021\/09\/Benefits_Tab2_Asset1-379x295.png\" alt=\"\" \/><\/a><\/li><li class=\"grid-item dt-project-1032 53 52 55 56  item-small\"><a href=\"https:\/\/neptune.ma\/?portfolio=telematique\"><div class=\"grid-item-on-hover\"><div class=\"grid-text\"><h3>T\u00c9L\u00c9MATIQUE<\/h3><\/div><div><span>ANDROID, IOS, MOBILE, WEB<\/span><\/div><\/div><img class=\"lazy\" data-original=\"https:\/\/neptune.ma\/wp-content\/uploads\/2021\/09\/Benefits_Tab3_Fleet1-379x295.png\" alt=\"\" \/><\/a><\/li><\/ul><\/section><\/section><div class=\"space\"><\/div>[\/vc_column][\/vc_row][vc_row dt_text_scheme= &raquo;darker-overlay &raquo; dt_no_mb= &raquo;no-margin &raquo; bg_type= &raquo;image &raquo; parallax_style= &raquo;vcpb-default &raquo; bg_image_new= &raquo;id^906|url^https:\/\/neptune.ma\/wp-content\/uploads\/2021\/09\/marc-olivier-jodoin-NqOInJ-ttqM-unsplash.jpg|caption^null|alt^null|title^marc-olivier-jodoin-NqOInJ-ttqM-unsplash|description^null &raquo; bg_image= &raquo;113&Prime; bg_color= &raquo;#000000&Prime; dt_color_opacity= &raquo;70&Prime; dt_padding_top= &raquo;100&Prime; dt_padding_bottom= &raquo;100&Prime; dt_id= &raquo;contact &raquo;][vc_column][vc_row_inner][vc_column_inner]<div class=\"dt-title-wrapper\"><h1 class=\"section-title\">Venez travailler avec nous<\/h1><\/div><div style=\"clear:both; width:100%; height:60px\"><\/div>[\/vc_column_inner][\/vc_row_inner][vc_row_inner][vc_column_inner width= &raquo;1\/2&Prime;][vc_column_text]<\/p>\n<h3>Coordonn\u00e9es<\/h3>\n<ul class=\"contact-info\">\n<li><i class=\"fa fa-map-marker\"><\/i>26, Avenue Abou Bakr Essedik Port 7, Kenitra, Maroc<\/li>\n<li><i class=\"fa fa-phone\"><\/i>+212 05-37-36-12-19<\/li>\n<li><i class=\"fa fa-envelope\"><\/i><a href=\"mailto:services@soccinc.com\">services@kenitranegoce.com<\/a><\/li>\n<li><i class=\"fa fa-globe\"><\/i><a href=\"http:\/\/www.soccinc.com\">https:\/\/neptune.ma<\/a><\/li>\n<\/ul>\n<p>[\/vc_column_text][\/vc_column_inner][vc_column_inner width= &raquo;1\/2&Prime;]<div role=\"form\" class=\"wpcf7\" id=\"wpcf7-f69-o1\" lang=\"en-US\" dir=\"ltr\">\n<div class=\"screen-reader-response\"><p role=\"status\" aria-live=\"polite\" aria-atomic=\"true\"><\/p> <ul><\/ul><\/div>\n<form action=\"\/soccinc\/index.php?rest_route=%2Fwp%2Fv2%2Fpages%2F82#wpcf7-f69-o1\" method=\"post\" class=\"wpcf7-form init\" novalidate=\"novalidate\" data-status=\"init\">\n<div style=\"display: none;\">\n<input type=\"hidden\" name=\"_wpcf7\" value=\"69\" \/>\n<input type=\"hidden\" name=\"_wpcf7_version\" value=\"5.4.2\" \/>\n<input type=\"hidden\" name=\"_wpcf7_locale\" value=\"en_US\" \/>\n<input type=\"hidden\" name=\"_wpcf7_unit_tag\" value=\"wpcf7-f69-o1\" \/>\n<input type=\"hidden\" name=\"_wpcf7_container_post\" value=\"0\" \/>\n<input type=\"hidden\" name=\"_wpcf7_posted_data_hash\" value=\"\" \/>\n<input type=\"hidden\" name=\"_wpcf7_recaptcha_response\" value=\"\" \/>\n<\/div>\n<div class=\"percent-one-half\"> <br \/>\n<span class=\"wpcf7-form-control-wrap your-name\"><input type=\"text\" name=\"your-name\" value=\"\" size=\"40\" class=\"wpcf7-form-control wpcf7-text wpcf7-validates-as-required\" aria-required=\"true\" aria-invalid=\"false\" placeholder=\"Nom\" \/><\/span><br \/>\n<\/div><br \/>\n<div class=\"percent-one-half column-last\"> <br \/>\n<span class=\"wpcf7-form-control-wrap your-email\"><input type=\"email\" name=\"your-email\" value=\"\" size=\"40\" class=\"wpcf7-form-control wpcf7-text wpcf7-email wpcf7-validates-as-required wpcf7-validates-as-email\" aria-required=\"true\" aria-invalid=\"false\" placeholder=\"Courriel\" \/><\/span><br \/>\n<\/div><br \/>\n<span class=\"wpcf7-form-control-wrap your-message\"><textarea name=\"your-message\" cols=\"40\" rows=\"10\" class=\"wpcf7-form-control wpcf7-textarea wpcf7-validates-as-required\" aria-required=\"true\" aria-invalid=\"false\" placeholder=\"Message\"><\/textarea><\/span><br \/>\n<input type=\"submit\" value=\"Envoyer\" class=\"wpcf7-form-control wpcf7-submit button black\" \/><\/p>\n<div class=\"wpcf7-response-output\" aria-hidden=\"true\"><\/div><\/form><\/div>[\/vc_column_inner][\/vc_row_inner][\/vc_column][\/vc_row][vc_row dt_no_mb= &raquo;no-margin &raquo; bg_color= &raquo;#ffffff &raquo;][vc_column]<div class=\"map-wrapper\" id=\"delicious_map_dab\" data-token=\"GiMaT\"><a class=\"button-map close-map\"><span>Localisez-nous<\/span><\/a><div id=\"google_map_dab\"><\/div><\/div>[\/vc_column][\/vc_row]<\/p>\n","protected":false},"excerpt":{"rendered":"<p>[vc_row dt_no_mb= &raquo;no-margin &raquo; bg_color= &raquo;#ffffff &raquo;][vc_column][rev_slider_vc alias= &raquo;fullscreen-image-slider &raquo;][\/vc_column][\/vc_row][vc_row dt_no_mb= &raquo;no-margin &raquo; bg_color= &raquo;#fafafa &raquo; dt_padding_top= &raquo;100&Prime; dt_padding_bottom= &raquo;100&Prime; dt_id= &raquo;about &raquo;][vc_column][vc_row_inner][vc_column_inner][\/vc_column_inner][\/vc_row_inner][vc_row_inner][vc_column_inner width= &raquo;1\/3&Prime;&#8230;<\/p>\n<p class=\"readmore\"><a class=\"more-btn\" href=\"https:\/\/neptune.ma\/?portfolio=telematique\">Read More<\/a><\/p>\n","protected":false},"author":1,"featured_media":0,"parent":0,"menu_order":0,"comment_status":"open","ping_status":"open","template":"template-homepage.php","meta":[],"_links":{"self":[{"href":"https:\/\/neptune.ma\/index.php?rest_route=\/wp\/v2\/pages\/82"}],"collection":[{"href":"https:\/\/neptune.ma\/index.php?rest_route=\/wp\/v2\/pages"}],"about":[{"href":"https:\/\/neptune.ma\/index.php?rest_route=\/wp\/v2\/types\/page"}],"author":[{"embeddable":true,"href":"https:\/\/neptune.ma\/index.php?rest_route=\/wp\/v2\/users\/1"}],"replies":[{"embeddable":true,"href":"https:\/\/neptune.ma\/index.php?rest_route=%2Fwp%2Fv2%2Fcomments&post=82"}],"version-history":[{"count":65,"href":"https:\/\/neptune.ma\/index.php?rest_route=\/wp\/v2\/pages\/82\/revisions"}],"predecessor-version":[{"id":1004,"href":"https:\/\/neptune.ma\/index.php?rest_route=\/wp\/v2\/pages\/82\/revisions\/1004"}],"wp:attachment":[{"href":"https:\/\/neptune.ma\/index.php?rest_route=%2Fwp%2Fv2%2Fmedia&parent=82"}],"curies":[{"name":"wp","href":"https:\/\/api.w.org\/{rel}","templated":true}]}}